{"id":1239,"date":"2017-04-29T15:37:30","date_gmt":"2017-04-29T12:37:30","guid":{"rendered":"https:\/\/bakiacil.com\/?page_id=1239"},"modified":"2022-02-04T00:02:03","modified_gmt":"2022-02-03T21:02:03","slug":"programlarim","status":"publish","type":"page","link":"https:\/\/bakiacil.com\/en\/programlarim","title":{"rendered":"Programs"},"content":{"rendered":"<h2 class=\"wp-block-heading\" id=\"aiseesoft-total-video-converter\"><strong>Aiseesoft Total Video Converter<\/strong><\/h2>\n\n\n\n<p><strong>T\u00fcm Video Formatlar\u0131n\u0131 D\u00f6n\u00fc\u015ft\u00fcrme Program\u0131<\/strong><\/p>\n\n\n\n<p><strong>Aiseesoft Total Video Converter<\/strong> bilgisayar\u0131n\u0131zda bulunan video dosyalar\u0131n\u0131z\u0131n formatlar\u0131n\u0131 ses ve g\u00f6r\u00fcnt\u00fc kalitesi bozulmadan kolay ve h\u0131zl\u0131 bir \u015fekilde H.264\/MPEG-4, AVC, FLV, MPEG-1, MPEG-2, 3GP, 3GPP, DivX, Mov, M4V, DivX, XviD, ASF, SWF, VOB, DV, VCD, VCD, DVD gibi video ve AAC, AC3, AIFF, AMR, AU, FLAC, MP3, M4V, MP2, OGG, WAV, WMA gibi ses formatlar\u0131na d\u00f6n\u00fc\u015ft\u00fcrmenizde size kolayl\u0131k sa\u011flayacak ba\u015far\u0131l\u0131 bir video d\u00f6n\u00fc\u015ft\u00fcrme arac\u0131d\u0131r.<\/p>\n\n\n\n<div class=\"wp-block-image\"><figure class=\"aligncenter\"><a href=\"https:\/\/bakiacil.com\/wp-content\/uploads\/2012\/05\/aiseesoft_total_video_converter_267119.jpeg\" data-lbwps-width=\"960\" data-lbwps-height=\"660\" data-lbwps-srcsmall=\"https:\/\/bakiacil.com\/wp-content\/uploads\/2012\/05\/aiseesoft_total_video_converter_267119.jpeg\"><img decoding=\"async\" src=\"https:\/\/bakiacil.com\/wp-content\/uploads\/2012\/05\/aiseesoft_total_video_converter_267119-300x206.jpg\" alt=\"\" class=\"wp-image-122\" title=\"aiseesoft_total_video_converter_267119\"\/><\/a><\/figure><\/div>\n\n\n\n<p><strong>Aiseesoft Total Video Converter<\/strong> ayn\u0131 zamanda bir\u00e7ok video d\u00fczenleme i\u015flevine sahip bir video edit\u00f6r\u00fcd\u00fcr. Video birle\u015ftirme, video kesme ve video k\u0131rpma gibi video d\u00fczenleme i\u015flevlerine sahiptir. Total Video Converter\u0131 kullanarak, hemen hemen t\u00fcm yayg\u0131n video d\u00fczenleme i\u015flemlerini video dosyalar\u0131n\u0131z\u0131n ses ve g\u00f6r\u00fcnt\u00fc kalitesi bozulmadan yapabilirsiniz.<\/p>\n\n\n\n<div class=\"wp-block-columns is-layout-flex wp-container-core-columns-is-layout-9d6595d7 wp-block-columns-is-layout-flex\">\n<div class=\"wp-block-column is-layout-flow wp-block-column-is-layout-flow\" style=\"flex-basis:100%\">\n<div class=\"wp-block-columns is-layout-flex wp-container-core-columns-is-layout-9d6595d7 wp-block-columns-is-layout-flex\">\n<div class=\"wp-block-column is-layout-flow wp-block-column-is-layout-flow\">\n<div class=\"wp-block-buttons is-content-justification-center is-layout-flex wp-container-core-buttons-is-layout-16018d1d wp-block-buttons-is-layout-flex\">\n<div class=\"wp-block-button\"><a class=\"wp-block-button__link has-vivid-red-background-color has-background\" href=\"https:\/\/bakiacil.com\/wp-content\/pro\/Total-Video-Converter.exe\" target=\"_blank\" rel=\"noreferrer noopener\">Total Video Converter<\/a><\/div>\n<\/div>\n<\/div>\n\n\n\n<div class=\"wp-block-column is-layout-flow wp-block-column-is-layout-flow\">\n<div class=\"wp-block-buttons is-content-justification-center is-layout-flex wp-container-core-buttons-is-layout-16018d1d wp-block-buttons-is-layout-flex\">\n<div class=\"wp-block-button\"><a class=\"wp-block-button__link has-white-color has-vivid-red-background-color has-text-color has-background\" href=\"http:\/\/ftp.bakiacil.com\/wp-content\/pro\/Total-Video-Converter.txt\" target=\"_blank\" rel=\"noreferrer noopener\">Seri numaralar\u0131<\/a><\/div>\n<\/div>\n<\/div>\n<\/div>\n<\/div>\n<\/div>\n\n\n\n<div class=\"wp-block-columns is-layout-flex wp-container-core-columns-is-layout-9d6595d7 wp-block-columns-is-layout-flex\">\n<div class=\"wp-block-column is-layout-flow wp-block-column-is-layout-flow\">\n<div class=\"wp-block-buttons is-content-justification-center is-layout-flex wp-container-core-buttons-is-layout-16018d1d wp-block-buttons-is-layout-flex\">\n<div class=\"wp-block-button\"><a class=\"wp-block-button__link\" href=\"https:\/\/bakiacil.com\/wp-content\/pro\/Wondershare-video-editor_full846.exe\" target=\"_blank\" rel=\"noreferrer noopener\">Wondershare<\/a><\/div>\n<\/div>\n<\/div>\n\n\n\n<div class=\"wp-block-column is-layout-flow wp-block-column-is-layout-flow\">\n<div class=\"wp-block-buttons is-content-justification-center is-layout-flex wp-container-core-buttons-is-layout-16018d1d wp-block-buttons-is-layout-flex\">\n<div class=\"wp-block-button\"><a class=\"wp-block-button__link\" href=\"https:\/\/bakiacil.com\/wp-content\/pro\/VideoEditor.exe\" target=\"_blank\" rel=\"noreferrer noopener\">video Edit\u00f6r<\/a><\/div>\n<\/div>\n<\/div>\n\n\n\n<div class=\"wp-block-column is-layout-flow wp-block-column-is-layout-flow\">\n<div class=\"wp-block-buttons is-content-justification-center is-layout-flex wp-container-core-buttons-is-layout-16018d1d wp-block-buttons-is-layout-flex\">\n<div class=\"wp-block-button\"><a class=\"wp-block-button__link\" href=\"https:\/\/bakiacil.com\/wp-content\/pro\/ws_log.dll\" target=\"_blank\" rel=\"noreferrer noopener\">w_log<\/a><\/div>\n<\/div>\n<\/div>\n<\/div>\n\n\n\n<div class=\"wp-block-columns is-layout-flex wp-container-core-columns-is-layout-9d6595d7 wp-block-columns-is-layout-flex\">\n<div class=\"wp-block-column is-layout-flow wp-block-column-is-layout-flow\" style=\"flex-basis:100%\">\n<div class=\"wp-block-columns is-layout-flex wp-container-core-columns-is-layout-9d6595d7 wp-block-columns-is-layout-flex\">\n<div class=\"wp-block-column is-layout-flow wp-block-column-is-layout-flow\">\n<div class=\"wp-block-buttons is-content-justification-center is-layout-flex wp-container-core-buttons-is-layout-16018d1d wp-block-buttons-is-layout-flex\">\n<div class=\"wp-block-button\"><a class=\"wp-block-button__link\" href=\"https:\/\/bakiacil.com\/en\/wp-content\/pro\/yusetup7.exe\/\" target=\"_blank\" rel=\"noreferrer noopener\">Your Uninstaller<\/a><\/div>\n<\/div>\n<\/div>\n\n\n\n<div class=\"wp-block-column is-layout-flow wp-block-column-is-layout-flow\">\n<div class=\"wp-block-buttons is-layout-flex wp-block-buttons-is-layout-flex\">\n<div class=\"wp-block-button\"><a class=\"wp-block-button__link\" href=\"https:\/\/bakiacil.com\/wp-content\/pro\/yusetup7.txt\" target=\"_blank\" rel=\"noreferrer noopener\">Youruninstaller setup<\/a><\/div>\n<\/div>\n<\/div>\n<\/div>\n<\/div>\n<\/div>\n\n\n\n<div class=\"wp-block-buttons is-layout-flex wp-block-buttons-is-layout-flex\"><\/div>","protected":false},"excerpt":{"rendered":"<p>Aiseesoft Total Video Converter T\u00fcm Video Formatlar\u0131n\u0131 D\u00f6n\u00fc\u015ft\u00fcrme Program\u0131 Aiseesoft Total Video Converter bilgisayar\u0131n\u0131zda bulunan video dosyalar\u0131n\u0131z\u0131n formatlar\u0131n\u0131 ses ve g\u00f6r\u00fcnt\u00fc kalitesi bozulmadan kolay ve h\u0131zl\u0131 bir \u015fekilde H.264\/MPEG-4, AVC, FLV, MPEG-1, MPEG-2, 3GP, 3GPP, DivX, Mov, M4V, DivX, XviD, ASF, SWF, VOB, DV, VCD, VCD, DVD gibi video ve AAC, AC3, AIFF, AMR, AU,&#8230;<\/p>","protected":false},"author":1,"featured_media":0,"parent":0,"menu_order":0,"comment_status":"open","ping_status":"open","template":"","meta":{"advanced_seo_description":"","jetpack_seo_html_title":"","jetpack_seo_noindex":false,"_kadence_starter_templates_imported_post":false,"_kad_post_transparent":"","_kad_post_title":"","_kad_post_layout":"","_kad_post_sidebar_id":"","_kad_post_content_style":"","_kad_post_vertical_padding":"","_kad_post_feature":"","_kad_post_feature_position":"","_kad_post_header":false,"_kad_post_footer":false,"_kad_post_classname":"","jetpack_post_was_ever_published":false,"footnotes":""},"class_list":["post-1239","page","type-page","status-publish","hentry"],"jetpack_sharing_enabled":true,"jetpack_shortlink":"https:\/\/wp.me\/P9zVBf-jZ","jetpack_likes_enabled":true,"_links":{"self":[{"href":"https:\/\/bakiacil.com\/en\/wp-json\/wp\/v2\/pages\/1239","targetHints":{"allow":["GET"]}}],"collection":[{"href":"https:\/\/bakiacil.com\/en\/wp-json\/wp\/v2\/pages"}],"about":[{"href":"https:\/\/bakiacil.com\/en\/wp-json\/wp\/v2\/types\/page"}],"author":[{"embeddable":true,"href":"https:\/\/bakiacil.com\/en\/wp-json\/wp\/v2\/users\/1"}],"replies":[{"embeddable":true,"href":"https:\/\/bakiacil.com\/en\/wp-json\/wp\/v2\/comments?post=1239"}],"version-history":[{"count":2,"href":"https:\/\/bakiacil.com\/en\/wp-json\/wp\/v2\/pages\/1239\/revisions"}],"predecessor-version":[{"id":3691,"href":"https:\/\/bakiacil.com\/en\/wp-json\/wp\/v2\/pages\/1239\/revisions\/3691"}],"wp:attachment":[{"href":"https:\/\/bakiacil.com\/en\/wp-json\/wp\/v2\/media?parent=1239"}],"curies":[{"name":"wp","href":"https:\/\/api.w.org\/{rel}","templated":true}]}}